{"id":152,"date":"2023-06-15T10:32:12","date_gmt":"2023-06-15T08:32:12","guid":{"rendered":"https:\/\/abonabe.com\/contact\/"},"modified":"2024-06-30T10:43:03","modified_gmt":"2024-06-30T08:43:03","slug":"contact","status":"publish","type":"page","link":"https:\/\/abonabe.com\/en\/contact\/","title":{"rendered":"Contact"},"content":{"rendered":"\n<h2 class=\"wp-block-heading\">Contact us<\/h2>\n\n<p>We solve your doubts about phytosanitary products, fertilisers, machinery, tools and more. More than 20 years of experience in the agricultural sector are our guarantee.<\/p>\n\n<div class=\"wp-block-contact-form-7-contact-form-selector\">\n<div class=\"wpcf7 no-js\" id=\"wpcf7-f4-o1\" lang=\"es-ES\" dir=\"ltr\" data-wpcf7-id=\"4\">\n<div class=\"screen-reader-response\"><p role=\"status\" aria-live=\"polite\" aria-atomic=\"true\"><\/p> <ul><\/ul><\/div>\n<form action=\"\/en\/wp-json\/wp\/v2\/pages\/152#wpcf7-f4-o1\" method=\"post\" class=\"wpcf7-form init\" aria-label=\"Formulario de contacto\" novalidate=\"novalidate\" data-status=\"init\">\n<div style=\"display: none;\">\n<input type=\"hidden\" name=\"_wpcf7\" value=\"4\" \/>\n<input type=\"hidden\" name=\"_wpcf7_version\" value=\"6.0.6\" \/>\n<input type=\"hidden\" name=\"_wpcf7_locale\" value=\"es_ES\" \/>\n<input type=\"hidden\" name=\"_wpcf7_unit_tag\" value=\"wpcf7-f4-o1\" \/>\n<input type=\"hidden\" name=\"_wpcf7_container_post\" value=\"0\" \/>\n<input type=\"hidden\" name=\"_wpcf7_posted_data_hash\" value=\"\" \/>\n<input type=\"hidden\" name=\"_wpcf7_recaptcha_response\" value=\"\" \/>\n<\/div>\n<p><label> Tu nombre<br \/>\n<span class=\"wpcf7-form-control-wrap\" data-name=\"your-name\"><input size=\"40\" maxlength=\"400\" class=\"wpcf7-form-control wpcf7-text wpcf7-validates-as-required\" autocomplete=\"name\" aria-required=\"true\" aria-invalid=\"false\" value=\"\" type=\"text\" name=\"your-name\" \/><\/span> <\/label>\n<\/p>\n<p><label> Tu correo electr\u00f3nico<br \/>\n<span class=\"wpcf7-form-control-wrap\" data-name=\"your-email\"><input size=\"40\" maxlength=\"400\" class=\"wpcf7-form-control wpcf7-email wpcf7-validates-as-required wpcf7-text wpcf7-validates-as-email\" autocomplete=\"email\" aria-required=\"true\" aria-invalid=\"false\" value=\"\" type=\"email\" name=\"your-email\" \/><\/span> <\/label>\n<\/p>\n<p><label> Asunto<br \/>\n<span class=\"wpcf7-form-control-wrap\" data-name=\"your-subject\"><input size=\"40\" maxlength=\"400\" class=\"wpcf7-form-control wpcf7-text wpcf7-validates-as-required\" aria-required=\"true\" aria-invalid=\"false\" value=\"\" type=\"text\" name=\"your-subject\" \/><\/span> <\/label>\n<\/p>\n<p><label> Tu mensaje (opcional)<br \/>\n<span class=\"wpcf7-form-control-wrap\" data-name=\"your-message\"><textarea cols=\"40\" rows=\"10\" maxlength=\"2000\" class=\"wpcf7-form-control wpcf7-textarea\" aria-invalid=\"false\" name=\"your-message\"><\/textarea><\/span> <\/label>\n<\/p>\n<p><span class=\"wpcf7-form-control-wrap\" data-name=\"acceptance-757\"><span class=\"wpcf7-form-control wpcf7-acceptance\"><span class=\"wpcf7-list-item\"><label><input type=\"checkbox\" name=\"acceptance-757\" value=\"1\" aria-invalid=\"false\" \/><span class=\"wpcf7-list-item-label\">He le\u00eddo y acepto la pol\u00edtica de privacidad de este sitio<\/span><\/label><\/span><\/span><\/span><br \/>\n<input class=\"wpcf7-form-control wpcf7-submit has-spinner\" type=\"submit\" value=\"Enviar\" \/>\n<\/p><p style=\"display: none !important;\" class=\"akismet-fields-container\" data-prefix=\"_wpcf7_ak_\"><label>&#916;<textarea name=\"_wpcf7_ak_hp_textarea\" cols=\"45\" rows=\"8\" maxlength=\"100\"><\/textarea><\/label><input type=\"hidden\" id=\"ak_js_1\" name=\"_wpcf7_ak_js\" value=\"106\"\/><script>document.getElementById( \"ak_js_1\" ).setAttribute( \"value\", ( new Date() ).getTime() );<\/script><\/p><div class=\"wpcf7-response-output\" aria-hidden=\"true\"><\/div>\n<\/form>\n<\/div>\n<\/div>\n\n<h2 class=\"wp-block-heading\">Find us in Callosa d&#8217;en Sarri\u00e0<\/h2>\n\n<ul class=\"wp-block-list\">\n<li><strong>Address<\/strong><br\/>Ctra. Algar, km. 0.800<br\/>03510 Callosa d\u2019en Sarri\u00e0 \u2013 Alacant<br\/>965 88 00 17<\/li>\n\n\n\n<li><strong>Timetable<\/strong><br\/>Monday to Friday: from 7:30 a.m. to 1:30 p.m. and 3:30 p.m. to 7:00 p.m.<br\/>Saturday: from 7:30 a.m. to 1:30 p.m.<\/li>\n<\/ul>\n\n<iframe src=\"https:\/\/www.google.com\/maps\/embed?pb=!1m18!1m12!1m3!1d1557.960582154994!2d-0.1175638016052246!3d38.650693000000004!2m3!1f0!2f0!3f0!3m2!1i1024!2i768!4f13.1!3m3!1m2!1s0xd6202832a396d79%3A0x6c1c4ccbe3e3f59b!2sAbonabe%20sl!5e0!3m2!1ses!2ses!4v1686937602502!5m2!1ses!2ses\" width=\"800\" height=\"600\" style=\"border:0;\" allowfullscreen=\"\" loading=\"lazy\" referrerpolicy=\"no-referrer-when-downgrade\"><\/iframe>\n","protected":false},"excerpt":{"rendered":"<div class=\"entry-summary\">\n<div class=\"entry-summary\">\n<p>When to sow? How to start a garden? Are my trees healthy? These and other questions are common in agriculture and gardening. Come to us and we will clarify them for you.<\/p>\n<\/div>\n<div class=\"link-more\"><a href=\"https:\/\/abonabe.com\/en\/contact\/\" class=\"more-link\">Continue reading<span class=\"screen-reader-text\"> &ldquo;Contact&rdquo;<\/span>&hellip;<\/a><\/div>\n<\/div>\n<div class=\"link-more\"><a href=\"https:\/\/abonabe.com\/en\/contact\/\" class=\"more-link\">Continue reading<span class=\"screen-reader-text\"> &ldquo;Contact&rdquo;<\/span>&hellip;<\/a><\/div>\n","protected":false},"author":1,"featured_media":0,"parent":0,"menu_order":0,"comment_status":"closed","ping_status":"closed","template":"templates\/child-pages.php","meta":{"footnotes":""},"class_list":["post-152","page","type-page","status-publish","hentry","entry"],"yoast_head":"<!-- This site is optimized with the Yoast SEO plugin v25.1 - https:\/\/yoast.com\/wordpress\/plugins\/seo\/ -->\n<title>Contact - Abonab\u00e9<\/title>\n<meta name=\"robots\" content=\"index, follow, max-snippet:-1, max-image-preview:large, max-video-preview:-1\" \/>\n<link rel=\"canonical\" href=\"https:\/\/abonabe.com\/en\/contact\/\" \/>\n<meta property=\"og:locale\" content=\"en_US\" \/>\n<meta property=\"og:type\" content=\"article\" \/>\n<meta property=\"og:title\" content=\"Contact - Abonab\u00e9\" \/>\n<meta property=\"og:description\" content=\"When to sow? How to start a garden? Are my trees healthy? These and other questions are common in agriculture and gardening. Come to us and we will clarify them for you. Continue reading &ldquo;Contact&rdquo;&hellip;\" \/>\n<meta property=\"og:url\" content=\"https:\/\/abonabe.com\/en\/contact\/\" \/>\n<meta property=\"og:site_name\" content=\"Abonab\u00e9\" \/>\n<meta property=\"article:modified_time\" content=\"2024-06-30T08:43:03+00:00\" \/>\n<meta name=\"twitter:card\" content=\"summary_large_image\" \/>\n<script type=\"application\/ld+json\" class=\"yoast-schema-graph\">{\"@context\":\"https:\/\/schema.org\",\"@graph\":[{\"@type\":\"WebPage\",\"@id\":\"https:\/\/abonabe.com\/en\/contact\/\",\"url\":\"https:\/\/abonabe.com\/en\/contact\/\",\"name\":\"Contact - Abonab\u00e9\",\"isPartOf\":{\"@id\":\"https:\/\/abonabe.com\/en\/#website\"},\"datePublished\":\"2023-06-15T08:32:12+00:00\",\"dateModified\":\"2024-06-30T08:43:03+00:00\",\"breadcrumb\":{\"@id\":\"https:\/\/abonabe.com\/en\/contact\/#breadcrumb\"},\"inLanguage\":\"en-US\",\"potentialAction\":[{\"@type\":\"ReadAction\",\"target\":[\"https:\/\/abonabe.com\/en\/contact\/\"]}]},{\"@type\":\"BreadcrumbList\",\"@id\":\"https:\/\/abonabe.com\/en\/contact\/#breadcrumb\",\"itemListElement\":[{\"@type\":\"ListItem\",\"position\":1,\"name\":\"Portada\",\"item\":\"https:\/\/abonabe.com\/en\/welcome-to-abonabe\/\"},{\"@type\":\"ListItem\",\"position\":2,\"name\":\"Contact\"}]},{\"@type\":\"WebSite\",\"@id\":\"https:\/\/abonabe.com\/en\/#website\",\"url\":\"https:\/\/abonabe.com\/en\/\",\"name\":\"Abonab\u00e9\",\"description\":\"Todo para agricultura y jardin, productos para agricultura ecol\u00f3gica. fertilizantes, goteo, vallas y m\u00e1s\",\"publisher\":{\"@id\":\"https:\/\/abonabe.com\/en\/#organization\"},\"potentialAction\":[{\"@type\":\"SearchAction\",\"target\":{\"@type\":\"EntryPoint\",\"urlTemplate\":\"https:\/\/abonabe.com\/en\/?s={search_term_string}\"},\"query-input\":{\"@type\":\"PropertyValueSpecification\",\"valueRequired\":true,\"valueName\":\"search_term_string\"}}],\"inLanguage\":\"en-US\"},{\"@type\":\"Organization\",\"@id\":\"https:\/\/abonabe.com\/en\/#organization\",\"name\":\"Abonab\u00e9\",\"url\":\"https:\/\/abonabe.com\/en\/\",\"logo\":{\"@type\":\"ImageObject\",\"inLanguage\":\"en-US\",\"@id\":\"https:\/\/abonabe.com\/en\/#\/schema\/logo\/image\/\",\"url\":\"https:\/\/i0.wp.com\/abonabe.com\/wp-content\/uploads\/2023\/06\/logo_abonabe200.png?fit=200%2C52&ssl=1\",\"contentUrl\":\"https:\/\/i0.wp.com\/abonabe.com\/wp-content\/uploads\/2023\/06\/logo_abonabe200.png?fit=200%2C52&ssl=1\",\"width\":200,\"height\":52,\"caption\":\"Abonab\u00e9\"},\"image\":{\"@id\":\"https:\/\/abonabe.com\/en\/#\/schema\/logo\/image\/\"}}]}<\/script>\n<!-- \/ Yoast SEO plugin. -->","yoast_head_json":{"title":"Contact - Abonab\u00e9","robots":{"index":"index","follow":"follow","max-snippet":"max-snippet:-1","max-image-preview":"max-image-preview:large","max-video-preview":"max-video-preview:-1"},"canonical":"https:\/\/abonabe.com\/en\/contact\/","og_locale":"en_US","og_type":"article","og_title":"Contact - Abonab\u00e9","og_description":"When to sow? How to start a garden? Are my trees healthy? These and other questions are common in agriculture and gardening. Come to us and we will clarify them for you. Continue reading &ldquo;Contact&rdquo;&hellip;","og_url":"https:\/\/abonabe.com\/en\/contact\/","og_site_name":"Abonab\u00e9","article_modified_time":"2024-06-30T08:43:03+00:00","twitter_card":"summary_large_image","schema":{"@context":"https:\/\/schema.org","@graph":[{"@type":"WebPage","@id":"https:\/\/abonabe.com\/en\/contact\/","url":"https:\/\/abonabe.com\/en\/contact\/","name":"Contact - Abonab\u00e9","isPartOf":{"@id":"https:\/\/abonabe.com\/en\/#website"},"datePublished":"2023-06-15T08:32:12+00:00","dateModified":"2024-06-30T08:43:03+00:00","breadcrumb":{"@id":"https:\/\/abonabe.com\/en\/contact\/#breadcrumb"},"inLanguage":"en-US","potentialAction":[{"@type":"ReadAction","target":["https:\/\/abonabe.com\/en\/contact\/"]}]},{"@type":"BreadcrumbList","@id":"https:\/\/abonabe.com\/en\/contact\/#breadcrumb","itemListElement":[{"@type":"ListItem","position":1,"name":"Portada","item":"https:\/\/abonabe.com\/en\/welcome-to-abonabe\/"},{"@type":"ListItem","position":2,"name":"Contact"}]},{"@type":"WebSite","@id":"https:\/\/abonabe.com\/en\/#website","url":"https:\/\/abonabe.com\/en\/","name":"Abonab\u00e9","description":"Todo para agricultura y jardin, productos para agricultura ecol\u00f3gica. fertilizantes, goteo, vallas y m\u00e1s","publisher":{"@id":"https:\/\/abonabe.com\/en\/#organization"},"potentialAction":[{"@type":"SearchAction","target":{"@type":"EntryPoint","urlTemplate":"https:\/\/abonabe.com\/en\/?s={search_term_string}"},"query-input":{"@type":"PropertyValueSpecification","valueRequired":true,"valueName":"search_term_string"}}],"inLanguage":"en-US"},{"@type":"Organization","@id":"https:\/\/abonabe.com\/en\/#organization","name":"Abonab\u00e9","url":"https:\/\/abonabe.com\/en\/","logo":{"@type":"ImageObject","inLanguage":"en-US","@id":"https:\/\/abonabe.com\/en\/#\/schema\/logo\/image\/","url":"https:\/\/i0.wp.com\/abonabe.com\/wp-content\/uploads\/2023\/06\/logo_abonabe200.png?fit=200%2C52&ssl=1","contentUrl":"https:\/\/i0.wp.com\/abonabe.com\/wp-content\/uploads\/2023\/06\/logo_abonabe200.png?fit=200%2C52&ssl=1","width":200,"height":52,"caption":"Abonab\u00e9"},"image":{"@id":"https:\/\/abonabe.com\/en\/#\/schema\/logo\/image\/"}}]}},"jetpack-related-posts":[],"jetpack_sharing_enabled":true,"_links":{"self":[{"href":"https:\/\/abonabe.com\/en\/wp-json\/wp\/v2\/pages\/152","targetHints":{"allow":["GET"]}}],"collection":[{"href":"https:\/\/abonabe.com\/en\/wp-json\/wp\/v2\/pages"}],"about":[{"href":"https:\/\/abonabe.com\/en\/wp-json\/wp\/v2\/types\/page"}],"author":[{"embeddable":true,"href":"https:\/\/abonabe.com\/en\/wp-json\/wp\/v2\/users\/1"}],"replies":[{"embeddable":true,"href":"https:\/\/abonabe.com\/en\/wp-json\/wp\/v2\/comments?post=152"}],"version-history":[{"count":7,"href":"https:\/\/abonabe.com\/en\/wp-json\/wp\/v2\/pages\/152\/revisions"}],"predecessor-version":[{"id":327,"href":"https:\/\/abonabe.com\/en\/wp-json\/wp\/v2\/pages\/152\/revisions\/327"}],"wp:attachment":[{"href":"https:\/\/abonabe.com\/en\/wp-json\/wp\/v2\/media?parent=152"}],"curies":[{"name":"wp","href":"https:\/\/api.w.org\/{rel}","templated":true}]}}