{"id":277,"date":"2023-06-15T10:32:12","date_gmt":"2023-06-15T08:32:12","guid":{"rendered":"https:\/\/abonabe.com\/welcome-to-abonabe\/"},"modified":"2024-06-30T10:43:18","modified_gmt":"2024-06-30T08:43:18","slug":"welcome-to-abonabe","status":"publish","type":"page","link":"https:\/\/abonabe.com\/en\/","title":{"rendered":"Welcome to Abonab\u00e9"},"content":{"rendered":"\n<div class=\"outdent-content\">\n<h2 class=\"uppercase h3\">Services<\/h2>\n<p><\/p><\/div>\n\n\n\n<p><\/p>\n\n\n\n<div class=\"wp-block-cover aligncenter is-light\" style=\"margin-top:0;padding-top:5vw;padding-right:5vw;padding-bottom:5vw;padding-left:5vw;min-height:66vh;aspect-ratio:unset;\"><span aria-hidden=\"true\" class=\"wp-block-cover__background has-background-dim-100 has-background-dim has-background-gradient\" style=\"background:linear-gradient(90deg,rgb(35,74,20) 50%,rgb(225,137,116) 50%)\"><\/span><div class=\"wp-block-cover__inner-container is-layout-flow wp-block-cover-is-layout-flow\">\n<div class=\"wp-block-group wp-container-content-9cfa9a5a\"><div class=\"wp-block-group__inner-container is-layout-constrained wp-container-core-group-is-layout-d63a2e28 wp-block-group-is-layout-constrained\">\n<div style=\"height:100px\" aria-hidden=\"true\" class=\"wp-block-spacer\"><\/div>\n\n\n\n<figure class=\"wp-block-image size-large is-style-default wp-duotone-000000-ffffff-1\"><img data-recalc-dims=\"1\" decoding=\"async\" src=\"https:\/\/i0.wp.com\/pd.w.org\/2022\/03\/3866241b433db4ee2.96648572.jpeg?w=1200&#038;ssl=1\" alt=\"\"\/><\/figure>\n\n\n\n<div style=\"height:48px\" aria-hidden=\"true\" class=\"wp-block-spacer\"><\/div>\n\n\n\n<h2 class=\"wp-block-heading alignwide has-text-align-center has-white-color has-text-color\" style=\"padding-left:32px;font-size:50px;font-style:normal;font-weight:400;letter-spacing:32px;line-height:1;text-transform:uppercase\">Etcetera<\/h2>\n\n\n\n<div style=\"height:100px\" aria-hidden=\"true\" class=\"wp-block-spacer\"><\/div>\n<\/div><\/div>\n<\/div><\/div>\n\n\n\n<h2 class=\"wp-block-heading\">H2 headings are outdented<\/h2>\n\n\n\n<p>This is your homepage, which is what most visitors will see when they come to your site for the first time.<\/p>\n\n\n\n<p>Lorem ipsum dolor sit amet, consectetur adipiscing elit. Vestibulum in mauris eleifend, egestas lectus et, vulputate orci. Integer in leo eget justo hendrerit consequat. Donec varius est eu neque ultrices consectetur.<\/p>\n\n\n\n<h2 class=\"wp-block-heading\">Page layout in 2 columns<\/h2>\n\n\n\n<p>By default the theme displays page content in 2 columns. You can change this to more traditional layout in theme options.<\/p>\n","protected":false},"excerpt":{"rendered":"<div class=\"entry-summary\">\n<div class=\"entry-summary\">\n<p>Everything for your orchard and garden. Fertilisers, phytosanitary products, tools, drip irrigation, seeds. etc. 20 years of experience behind us. Come and see us.<\/p>\n<p><a href=\"#\" class=\"button size-large\">We look forward to seeing you<\/a><\/p>\n<\/div>\n<div class=\"link-more\"><a href=\"https:\/\/abonabe.com\/en\/\" class=\"more-link\">Continue reading<span class=\"screen-reader-text\"> &ldquo;Welcome to Abonab\u00e9&rdquo;<\/span>&hellip;<\/a><\/div>\n<\/div>\n<div class=\"link-more\"><a href=\"https:\/\/abonabe.com\/en\/\" class=\"more-link\">Continue reading<span class=\"screen-reader-text\"> &ldquo;Welcome to Abonab\u00e9&rdquo;<\/span>&hellip;<\/a><\/div>\n","protected":false},"author":1,"featured_media":0,"parent":0,"menu_order":0,"comment_status":"closed","ping_status":"closed","template":"templates\/intro-widgets.php","meta":{"footnotes":""},"class_list":["post-277","page","type-page","status-publish","hentry","entry"],"yoast_head":"<!-- This site is optimized with the Yoast SEO plugin v25.1 - https:\/\/yoast.com\/wordpress\/plugins\/seo\/ -->\n<title>Orchard and garden products shop : ABONABE<\/title>\n<meta name=\"description\" content=\"Shop with products for vegetable garden and garden, great variety of products for the care of your organic vegetable garden and garden.\" \/>\n<meta name=\"robots\" content=\"index, follow, max-snippet:-1, max-image-preview:large, max-video-preview:-1\" \/>\n<link rel=\"canonical\" href=\"https:\/\/abonabe.com\/en\/\" \/>\n<meta property=\"og:locale\" content=\"en_US\" \/>\n<meta property=\"og:type\" content=\"article\" \/>\n<meta property=\"og:title\" content=\"Orchard and garden products shop : ABONABE\" \/>\n<meta property=\"og:description\" content=\"Shop with products for vegetable garden and garden, great variety of products for the care of your organic vegetable garden and garden.\" \/>\n<meta property=\"og:url\" content=\"https:\/\/abonabe.com\/en\/\" \/>\n<meta property=\"og:site_name\" content=\"Abonab\u00e9\" \/>\n<meta property=\"article:modified_time\" content=\"2024-06-30T08:43:18+00:00\" \/>\n<meta property=\"og:image\" content=\"https:\/\/pd.w.org\/2022\/03\/3866241b433db4ee2.96648572.jpeg\" \/>\n<meta name=\"twitter:card\" content=\"summary_large_image\" \/>\n<meta name=\"twitter:label1\" content=\"Est. reading time\" \/>\n\t<meta name=\"twitter:data1\" content=\"1 minute\" \/>\n<script type=\"application\/ld+json\" class=\"yoast-schema-graph\">{\"@context\":\"https:\/\/schema.org\",\"@graph\":[{\"@type\":\"WebPage\",\"@id\":\"https:\/\/abonabe.com\/en\/\",\"url\":\"https:\/\/abonabe.com\/en\/\",\"name\":\"Orchard and garden products shop : ABONABE\",\"isPartOf\":{\"@id\":\"https:\/\/abonabe.com\/en\/#website\"},\"primaryImageOfPage\":{\"@id\":\"https:\/\/abonabe.com\/en\/#primaryimage\"},\"image\":{\"@id\":\"https:\/\/abonabe.com\/en\/#primaryimage\"},\"thumbnailUrl\":\"https:\/\/pd.w.org\/2022\/03\/3866241b433db4ee2.96648572.jpeg\",\"datePublished\":\"2023-06-15T08:32:12+00:00\",\"dateModified\":\"2024-06-30T08:43:18+00:00\",\"description\":\"Shop with products for vegetable garden and garden, great variety of products for the care of your organic vegetable garden and garden.\",\"breadcrumb\":{\"@id\":\"https:\/\/abonabe.com\/en\/#breadcrumb\"},\"inLanguage\":\"en-US\",\"potentialAction\":[{\"@type\":\"ReadAction\",\"target\":[\"https:\/\/abonabe.com\/en\/\"]}]},{\"@type\":\"ImageObject\",\"inLanguage\":\"en-US\",\"@id\":\"https:\/\/abonabe.com\/en\/#primaryimage\",\"url\":\"https:\/\/pd.w.org\/2022\/03\/3866241b433db4ee2.96648572.jpeg\",\"contentUrl\":\"https:\/\/pd.w.org\/2022\/03\/3866241b433db4ee2.96648572.jpeg\"},{\"@type\":\"BreadcrumbList\",\"@id\":\"https:\/\/abonabe.com\/en\/#breadcrumb\",\"itemListElement\":[{\"@type\":\"ListItem\",\"position\":1,\"name\":\"Portada\",\"item\":\"https:\/\/abonabe.com\/en\/welcome-to-abonabe\/\"},{\"@type\":\"ListItem\",\"position\":2,\"name\":\"Welcome to Abonab\u00e9\"}]},{\"@type\":\"WebSite\",\"@id\":\"https:\/\/abonabe.com\/en\/#website\",\"url\":\"https:\/\/abonabe.com\/en\/\",\"name\":\"Abonab\u00e9\",\"description\":\"Todo para agricultura y jardin, productos para agricultura ecol\u00f3gica. fertilizantes, goteo, vallas y m\u00e1s\",\"publisher\":{\"@id\":\"https:\/\/abonabe.com\/en\/#organization\"},\"potentialAction\":[{\"@type\":\"SearchAction\",\"target\":{\"@type\":\"EntryPoint\",\"urlTemplate\":\"https:\/\/abonabe.com\/en\/?s={search_term_string}\"},\"query-input\":{\"@type\":\"PropertyValueSpecification\",\"valueRequired\":true,\"valueName\":\"search_term_string\"}}],\"inLanguage\":\"en-US\"},{\"@type\":\"Organization\",\"@id\":\"https:\/\/abonabe.com\/en\/#organization\",\"name\":\"Abonab\u00e9\",\"url\":\"https:\/\/abonabe.com\/en\/\",\"logo\":{\"@type\":\"ImageObject\",\"inLanguage\":\"en-US\",\"@id\":\"https:\/\/abonabe.com\/en\/#\/schema\/logo\/image\/\",\"url\":\"https:\/\/i0.wp.com\/abonabe.com\/wp-content\/uploads\/2023\/06\/logo_abonabe200.png?fit=200%2C52&ssl=1\",\"contentUrl\":\"https:\/\/i0.wp.com\/abonabe.com\/wp-content\/uploads\/2023\/06\/logo_abonabe200.png?fit=200%2C52&ssl=1\",\"width\":200,\"height\":52,\"caption\":\"Abonab\u00e9\"},\"image\":{\"@id\":\"https:\/\/abonabe.com\/en\/#\/schema\/logo\/image\/\"}}]}<\/script>\n<!-- \/ Yoast SEO plugin. -->","yoast_head_json":{"title":"Orchard and garden products shop : ABONABE","description":"Shop with products for vegetable garden and garden, great variety of products for the care of your organic vegetable garden and garden.","robots":{"index":"index","follow":"follow","max-snippet":"max-snippet:-1","max-image-preview":"max-image-preview:large","max-video-preview":"max-video-preview:-1"},"canonical":"https:\/\/abonabe.com\/en\/","og_locale":"en_US","og_type":"article","og_title":"Orchard and garden products shop : ABONABE","og_description":"Shop with products for vegetable garden and garden, great variety of products for the care of your organic vegetable garden and garden.","og_url":"https:\/\/abonabe.com\/en\/","og_site_name":"Abonab\u00e9","article_modified_time":"2024-06-30T08:43:18+00:00","og_image":[{"url":"https:\/\/pd.w.org\/2022\/03\/3866241b433db4ee2.96648572.jpeg","type":"","width":"","height":""}],"twitter_card":"summary_large_image","twitter_misc":{"Est. reading time":"1 minute"},"schema":{"@context":"https:\/\/schema.org","@graph":[{"@type":"WebPage","@id":"https:\/\/abonabe.com\/en\/","url":"https:\/\/abonabe.com\/en\/","name":"Orchard and garden products shop : ABONABE","isPartOf":{"@id":"https:\/\/abonabe.com\/en\/#website"},"primaryImageOfPage":{"@id":"https:\/\/abonabe.com\/en\/#primaryimage"},"image":{"@id":"https:\/\/abonabe.com\/en\/#primaryimage"},"thumbnailUrl":"https:\/\/pd.w.org\/2022\/03\/3866241b433db4ee2.96648572.jpeg","datePublished":"2023-06-15T08:32:12+00:00","dateModified":"2024-06-30T08:43:18+00:00","description":"Shop with products for vegetable garden and garden, great variety of products for the care of your organic vegetable garden and garden.","breadcrumb":{"@id":"https:\/\/abonabe.com\/en\/#breadcrumb"},"inLanguage":"en-US","potentialAction":[{"@type":"ReadAction","target":["https:\/\/abonabe.com\/en\/"]}]},{"@type":"ImageObject","inLanguage":"en-US","@id":"https:\/\/abonabe.com\/en\/#primaryimage","url":"https:\/\/pd.w.org\/2022\/03\/3866241b433db4ee2.96648572.jpeg","contentUrl":"https:\/\/pd.w.org\/2022\/03\/3866241b433db4ee2.96648572.jpeg"},{"@type":"BreadcrumbList","@id":"https:\/\/abonabe.com\/en\/#breadcrumb","itemListElement":[{"@type":"ListItem","position":1,"name":"Portada","item":"https:\/\/abonabe.com\/en\/welcome-to-abonabe\/"},{"@type":"ListItem","position":2,"name":"Welcome to Abonab\u00e9"}]},{"@type":"WebSite","@id":"https:\/\/abonabe.com\/en\/#website","url":"https:\/\/abonabe.com\/en\/","name":"Abonab\u00e9","description":"Todo para agricultura y jardin, productos para agricultura ecol\u00f3gica. fertilizantes, goteo, vallas y m\u00e1s","publisher":{"@id":"https:\/\/abonabe.com\/en\/#organization"},"potentialAction":[{"@type":"SearchAction","target":{"@type":"EntryPoint","urlTemplate":"https:\/\/abonabe.com\/en\/?s={search_term_string}"},"query-input":{"@type":"PropertyValueSpecification","valueRequired":true,"valueName":"search_term_string"}}],"inLanguage":"en-US"},{"@type":"Organization","@id":"https:\/\/abonabe.com\/en\/#organization","name":"Abonab\u00e9","url":"https:\/\/abonabe.com\/en\/","logo":{"@type":"ImageObject","inLanguage":"en-US","@id":"https:\/\/abonabe.com\/en\/#\/schema\/logo\/image\/","url":"https:\/\/i0.wp.com\/abonabe.com\/wp-content\/uploads\/2023\/06\/logo_abonabe200.png?fit=200%2C52&ssl=1","contentUrl":"https:\/\/i0.wp.com\/abonabe.com\/wp-content\/uploads\/2023\/06\/logo_abonabe200.png?fit=200%2C52&ssl=1","width":200,"height":52,"caption":"Abonab\u00e9"},"image":{"@id":"https:\/\/abonabe.com\/en\/#\/schema\/logo\/image\/"}}]}},"jetpack-related-posts":[],"jetpack_sharing_enabled":true,"_links":{"self":[{"href":"https:\/\/abonabe.com\/en\/wp-json\/wp\/v2\/pages\/277","targetHints":{"allow":["GET"]}}],"collection":[{"href":"https:\/\/abonabe.com\/en\/wp-json\/wp\/v2\/pages"}],"about":[{"href":"https:\/\/abonabe.com\/en\/wp-json\/wp\/v2\/types\/page"}],"author":[{"embeddable":true,"href":"https:\/\/abonabe.com\/en\/wp-json\/wp\/v2\/users\/1"}],"replies":[{"embeddable":true,"href":"https:\/\/abonabe.com\/en\/wp-json\/wp\/v2\/comments?post=277"}],"version-history":[{"count":2,"href":"https:\/\/abonabe.com\/en\/wp-json\/wp\/v2\/pages\/277\/revisions"}],"predecessor-version":[{"id":280,"href":"https:\/\/abonabe.com\/en\/wp-json\/wp\/v2\/pages\/277\/revisions\/280"}],"wp:attachment":[{"href":"https:\/\/abonabe.com\/en\/wp-json\/wp\/v2\/media?parent=277"}],"curies":[{"name":"wp","href":"https:\/\/api.w.org\/{rel}","templated":true}]}}