{"id":313,"date":"2023-06-15T10:32:12","date_gmt":"2023-06-15T08:32:12","guid":{"rendered":"https:\/\/abonabe.com\/about-us\/"},"modified":"2023-06-15T10:32:12","modified_gmt":"2023-06-15T08:32:12","slug":"about-us","status":"publish","type":"page","link":"https:\/\/abonabe.com\/en\/about-us\/","title":{"rendered":"About us"},"content":{"rendered":"<h2>A life dedicated to helping farmers<\/h2>\n<p>You might be an artist who would like to introduce yourself and your work here or maybe you\u2019re a business with a mission to describe.<\/p>\n<p>Lorem ipsum dolor sit amet, consectetur adipiscing elit. Vestibulum in mauris eleifend, egestas lectus et, vulputate orci. Integer in leo eget justo hendrerit consequat. Donec varius est eu neque ultrices consectetur.<\/p>\n<h2 class=\"display-2 weight-300\">2017<\/h2>\n<p>Lorem ipsum dolor sit amet, consectetur adipiscing elit. Vestibulum in mauris eleifend, egestas lectus et, vulputate orci. Integer in leo eget justo hendrerit consequat. Donec varius est eu neque ultrices consectetur.<\/p>\n<h2 class=\"display-2 weight-300\">2010<\/h2>\n<p>Lorem ipsum dolor sit amet, consectetur adipiscing elit. Vestibulum in mauris eleifend, egestas lectus et, vulputate orci. Integer in leo eget justo hendrerit consequat. Donec varius est eu neque ultrices consectetur.<\/p>\n","protected":false},"excerpt":{"rendered":"<div class=\"entry-summary\">\n<div class=\"entry-summary\">\n<p>From the centre of the Marina Baixa region, we offer services, products and tools to make cultivating your vegetable garden or garden easier.<\/p>\n<\/div>\n<div class=\"link-more\"><a href=\"https:\/\/abonabe.com\/en\/about-us\/\" class=\"more-link\">Continue reading<span class=\"screen-reader-text\"> &ldquo;About us&rdquo;<\/span>&hellip;<\/a><\/div>\n<\/div>\n<div class=\"link-more\"><a href=\"https:\/\/abonabe.com\/en\/about-us\/\" class=\"more-link\">Continue reading<span class=\"screen-reader-text\"> &ldquo;About us&rdquo;<\/span>&hellip;<\/a><\/div>\n","protected":false},"author":1,"featured_media":0,"parent":0,"menu_order":0,"comment_status":"closed","ping_status":"closed","template":"","meta":{"footnotes":""},"class_list":["post-313","page","type-page","status-publish","hentry","entry"],"yoast_head":"<!-- This site is optimized with the Yoast SEO plugin v25.1 - https:\/\/yoast.com\/wordpress\/plugins\/seo\/ -->\n<title>About us - Abonab\u00e9<\/title>\n<meta name=\"robots\" content=\"index, follow, max-snippet:-1, max-image-preview:large, max-video-preview:-1\" \/>\n<link rel=\"canonical\" href=\"https:\/\/abonabe.com\/en\/about-us\/\" \/>\n<meta property=\"og:locale\" content=\"en_US\" \/>\n<meta property=\"og:type\" content=\"article\" \/>\n<meta property=\"og:title\" content=\"About us - Abonab\u00e9\" \/>\n<meta property=\"og:description\" content=\"From the centre of the Marina Baixa region, we offer services, products and tools to make cultivating your vegetable garden or garden easier. Continue reading &ldquo;About us&rdquo;&hellip;\" \/>\n<meta property=\"og:url\" content=\"https:\/\/abonabe.com\/en\/about-us\/\" \/>\n<meta property=\"og:site_name\" content=\"Abonab\u00e9\" \/>\n<meta name=\"twitter:card\" content=\"summary_large_image\" \/>\n<meta name=\"twitter:label1\" content=\"Est. reading time\" \/>\n\t<meta name=\"twitter:data1\" content=\"1 minute\" \/>\n<script type=\"application\/ld+json\" class=\"yoast-schema-graph\">{\"@context\":\"https:\/\/schema.org\",\"@graph\":[{\"@type\":\"WebPage\",\"@id\":\"https:\/\/abonabe.com\/en\/about-us\/\",\"url\":\"https:\/\/abonabe.com\/en\/about-us\/\",\"name\":\"About us - Abonab\u00e9\",\"isPartOf\":{\"@id\":\"https:\/\/abonabe.com\/en\/#website\"},\"datePublished\":\"2023-06-15T08:32:12+00:00\",\"breadcrumb\":{\"@id\":\"https:\/\/abonabe.com\/en\/about-us\/#breadcrumb\"},\"inLanguage\":\"en-US\",\"potentialAction\":[{\"@type\":\"ReadAction\",\"target\":[\"https:\/\/abonabe.com\/en\/about-us\/\"]}]},{\"@type\":\"BreadcrumbList\",\"@id\":\"https:\/\/abonabe.com\/en\/about-us\/#breadcrumb\",\"itemListElement\":[{\"@type\":\"ListItem\",\"position\":1,\"name\":\"Portada\",\"item\":\"https:\/\/abonabe.com\/en\/welcome-to-abonabe\/\"},{\"@type\":\"ListItem\",\"position\":2,\"name\":\"About us\"}]},{\"@type\":\"WebSite\",\"@id\":\"https:\/\/abonabe.com\/en\/#website\",\"url\":\"https:\/\/abonabe.com\/en\/\",\"name\":\"Abonab\u00e9\",\"description\":\"Todo para agricultura y jardin, productos para agricultura ecol\u00f3gica. fertilizantes, goteo, vallas y m\u00e1s\",\"publisher\":{\"@id\":\"https:\/\/abonabe.com\/en\/#organization\"},\"potentialAction\":[{\"@type\":\"SearchAction\",\"target\":{\"@type\":\"EntryPoint\",\"urlTemplate\":\"https:\/\/abonabe.com\/en\/?s={search_term_string}\"},\"query-input\":{\"@type\":\"PropertyValueSpecification\",\"valueRequired\":true,\"valueName\":\"search_term_string\"}}],\"inLanguage\":\"en-US\"},{\"@type\":\"Organization\",\"@id\":\"https:\/\/abonabe.com\/en\/#organization\",\"name\":\"Abonab\u00e9\",\"url\":\"https:\/\/abonabe.com\/en\/\",\"logo\":{\"@type\":\"ImageObject\",\"inLanguage\":\"en-US\",\"@id\":\"https:\/\/abonabe.com\/en\/#\/schema\/logo\/image\/\",\"url\":\"https:\/\/i0.wp.com\/abonabe.com\/wp-content\/uploads\/2023\/06\/logo_abonabe200.png?fit=200%2C52&ssl=1\",\"contentUrl\":\"https:\/\/i0.wp.com\/abonabe.com\/wp-content\/uploads\/2023\/06\/logo_abonabe200.png?fit=200%2C52&ssl=1\",\"width\":200,\"height\":52,\"caption\":\"Abonab\u00e9\"},\"image\":{\"@id\":\"https:\/\/abonabe.com\/en\/#\/schema\/logo\/image\/\"}}]}<\/script>\n<!-- \/ Yoast SEO plugin. -->","yoast_head_json":{"title":"About us - Abonab\u00e9","robots":{"index":"index","follow":"follow","max-snippet":"max-snippet:-1","max-image-preview":"max-image-preview:large","max-video-preview":"max-video-preview:-1"},"canonical":"https:\/\/abonabe.com\/en\/about-us\/","og_locale":"en_US","og_type":"article","og_title":"About us - Abonab\u00e9","og_description":"From the centre of the Marina Baixa region, we offer services, products and tools to make cultivating your vegetable garden or garden easier. Continue reading &ldquo;About us&rdquo;&hellip;","og_url":"https:\/\/abonabe.com\/en\/about-us\/","og_site_name":"Abonab\u00e9","twitter_card":"summary_large_image","twitter_misc":{"Est. reading time":"1 minute"},"schema":{"@context":"https:\/\/schema.org","@graph":[{"@type":"WebPage","@id":"https:\/\/abonabe.com\/en\/about-us\/","url":"https:\/\/abonabe.com\/en\/about-us\/","name":"About us - Abonab\u00e9","isPartOf":{"@id":"https:\/\/abonabe.com\/en\/#website"},"datePublished":"2023-06-15T08:32:12+00:00","breadcrumb":{"@id":"https:\/\/abonabe.com\/en\/about-us\/#breadcrumb"},"inLanguage":"en-US","potentialAction":[{"@type":"ReadAction","target":["https:\/\/abonabe.com\/en\/about-us\/"]}]},{"@type":"BreadcrumbList","@id":"https:\/\/abonabe.com\/en\/about-us\/#breadcrumb","itemListElement":[{"@type":"ListItem","position":1,"name":"Portada","item":"https:\/\/abonabe.com\/en\/welcome-to-abonabe\/"},{"@type":"ListItem","position":2,"name":"About us"}]},{"@type":"WebSite","@id":"https:\/\/abonabe.com\/en\/#website","url":"https:\/\/abonabe.com\/en\/","name":"Abonab\u00e9","description":"Todo para agricultura y jardin, productos para agricultura ecol\u00f3gica. fertilizantes, goteo, vallas y m\u00e1s","publisher":{"@id":"https:\/\/abonabe.com\/en\/#organization"},"potentialAction":[{"@type":"SearchAction","target":{"@type":"EntryPoint","urlTemplate":"https:\/\/abonabe.com\/en\/?s={search_term_string}"},"query-input":{"@type":"PropertyValueSpecification","valueRequired":true,"valueName":"search_term_string"}}],"inLanguage":"en-US"},{"@type":"Organization","@id":"https:\/\/abonabe.com\/en\/#organization","name":"Abonab\u00e9","url":"https:\/\/abonabe.com\/en\/","logo":{"@type":"ImageObject","inLanguage":"en-US","@id":"https:\/\/abonabe.com\/en\/#\/schema\/logo\/image\/","url":"https:\/\/i0.wp.com\/abonabe.com\/wp-content\/uploads\/2023\/06\/logo_abonabe200.png?fit=200%2C52&ssl=1","contentUrl":"https:\/\/i0.wp.com\/abonabe.com\/wp-content\/uploads\/2023\/06\/logo_abonabe200.png?fit=200%2C52&ssl=1","width":200,"height":52,"caption":"Abonab\u00e9"},"image":{"@id":"https:\/\/abonabe.com\/en\/#\/schema\/logo\/image\/"}}]}},"jetpack-related-posts":[],"jetpack_sharing_enabled":true,"_links":{"self":[{"href":"https:\/\/abonabe.com\/en\/wp-json\/wp\/v2\/pages\/313","targetHints":{"allow":["GET"]}}],"collection":[{"href":"https:\/\/abonabe.com\/en\/wp-json\/wp\/v2\/pages"}],"about":[{"href":"https:\/\/abonabe.com\/en\/wp-json\/wp\/v2\/types\/page"}],"author":[{"embeddable":true,"href":"https:\/\/abonabe.com\/en\/wp-json\/wp\/v2\/users\/1"}],"replies":[{"embeddable":true,"href":"https:\/\/abonabe.com\/en\/wp-json\/wp\/v2\/comments?post=313"}],"version-history":[{"count":0,"href":"https:\/\/abonabe.com\/en\/wp-json\/wp\/v2\/pages\/313\/revisions"}],"wp:attachment":[{"href":"https:\/\/abonabe.com\/en\/wp-json\/wp\/v2\/media?parent=313"}],"curies":[{"name":"wp","href":"https:\/\/api.w.org\/{rel}","templated":true}]}}